{"id":1594,"date":"2024-10-31T19:08:53","date_gmt":"2024-10-31T23:08:53","guid":{"rendered":"https:\/\/www.medteq.ca\/accueil\/"},"modified":"2026-04-13T15:32:55","modified_gmt":"2026-04-13T19:32:55","slug":"home","status":"publish","type":"page","link":"https:\/\/www.medteq.ca\/en\/","title":{"rendered":"Home"},"content":{"rendered":"","protected":false},"excerpt":{"rendered":"","protected":false},"author":1,"featured_media":0,"parent":0,"menu_order":0,"comment_status":"closed","ping_status":"closed","template":"","meta":{"_acf_changed":false,"footnotes":""},"class_list":["post-1594","page","type-page","status-publish","hentry"],"acf":[],"yoast_head":"<!-- This site is optimized with the Yoast SEO plugin v27.1.1 - https:\/\/yoast.com\/product\/yoast-seo-wordpress\/ -->\n<title>L\u2019innovation de la sant\u00e9 | MEDTEQ+<\/title>\n<meta name=\"description\" content=\"For over 10 years, MEDTEQ+ has been supporting entrepreneurs in healthcare technologies, from an idea to commercialization, to improve care and meet the needs of populations.\" \/>\n<meta name=\"robots\" content=\"index, follow, max-snippet:-1, max-image-preview:large, max-video-preview:-1\" \/>\n<link rel=\"canonical\" href=\"https:\/\/www.medteq.ca\/en\/\" \/>\n<meta property=\"og:locale\" content=\"en_US\" \/>\n<meta property=\"og:type\" content=\"article\" \/>\n<meta property=\"og:title\" content=\"MEDTEQ+ | Innovation for health | Home\" \/>\n<meta property=\"og:description\" content=\"MEDTEQ+ soutient les innovateurs qu\u00e9b\u00e9cois et canadiens dans le d\u00e9veloppement et la commercialisation de technologies de la sant\u00e9, offrant des services de maillage, d&#039;accompagnement strat\u00e9gique et de financement pour am\u00e9liorer les soins de sant\u00e9.\" \/>\n<meta property=\"og:url\" content=\"https:\/\/www.medteq.ca\/en\/\" \/>\n<meta property=\"og:site_name\" content=\"MEDTEQ+\" \/>\n<meta property=\"article:modified_time\" content=\"2026-04-13T19:32:55+00:00\" \/>\n<meta property=\"og:image\" content=\"https:\/\/www.medteq.ca\/wp-content\/uploads\/2024\/12\/screenshot.jpg\" \/>\n\t<meta property=\"og:image:width\" content=\"880\" \/>\n\t<meta property=\"og:image:height\" content=\"660\" \/>\n\t<meta property=\"og:image:type\" content=\"image\/jpeg\" \/>\n<meta name=\"twitter:card\" content=\"summary_large_image\" \/>\n<meta name=\"twitter:title\" content=\"MEDTEQ+ | Innovation for health | Home\" \/>\n<meta name=\"twitter:description\" content=\"MEDTEQ+ soutient les innovateurs qu\u00e9b\u00e9cois et canadiens dans le d\u00e9veloppement et la commercialisation de technologies de la sant\u00e9, offrant des services de maillage, d&#039;accompagnement strat\u00e9gique et de financement pour am\u00e9liorer les soins de sant\u00e9.\" \/>\n<meta name=\"twitter:image\" content=\"https:\/\/www.medteq.ca\/wp-content\/uploads\/2024\/12\/screenshot.jpg\" \/>\n<meta name=\"twitter:site\" content=\"@medteq_ca\" \/>\n<script type=\"application\/ld+json\" class=\"yoast-schema-graph\">{\"@context\":\"https:\/\/schema.org\",\"@graph\":[{\"@type\":\"Article\",\"@id\":\"https:\/\/www.medteq.ca\/en\/#article\",\"isPartOf\":{\"@id\":\"https:\/\/www.medteq.ca\/en\/\"},\"headline\":\"Home\",\"datePublished\":\"2024-10-31T23:08:53+00:00\",\"dateModified\":\"2026-04-13T19:32:55+00:00\",\"mainEntityOfPage\":{\"@id\":\"https:\/\/www.medteq.ca\/en\/\"},\"wordCount\":1,\"publisher\":{\"@id\":\"https:\/\/www.medteq.ca\/en\/#organization\"},\"inLanguage\":\"en-US\"},{\"@type\":\"WebPage\",\"@id\":\"https:\/\/www.medteq.ca\/en\/\",\"url\":\"https:\/\/www.medteq.ca\/en\/\",\"name\":\"L\u2019innovation de la sant\u00e9 | MEDTEQ+\",\"isPartOf\":{\"@id\":\"https:\/\/www.medteq.ca\/en\/#website\"},\"datePublished\":\"2024-10-31T23:08:53+00:00\",\"dateModified\":\"2026-04-13T19:32:55+00:00\",\"description\":\"For over 10 years, MEDTEQ+ has been supporting entrepreneurs in healthcare technologies, from an idea to commercialization, to improve care and meet the needs of populations.\",\"breadcrumb\":{\"@id\":\"https:\/\/www.medteq.ca\/en\/#breadcrumb\"},\"inLanguage\":\"en-US\",\"potentialAction\":[{\"@type\":\"ReadAction\",\"target\":[\"https:\/\/www.medteq.ca\/en\/\"]}]},{\"@type\":\"BreadcrumbList\",\"@id\":\"https:\/\/www.medteq.ca\/en\/#breadcrumb\",\"itemListElement\":[{\"@type\":\"ListItem\",\"position\":1,\"name\":\"Home\",\"item\":\"https:\/\/www.medteq.ca\/en\/\"},{\"@type\":\"ListItem\",\"position\":2,\"name\":\"Accueil\"}]},{\"@type\":\"WebSite\",\"@id\":\"https:\/\/www.medteq.ca\/en\/#website\",\"url\":\"https:\/\/www.medteq.ca\/en\/\",\"name\":\"MEDTEQ+\",\"description\":\"Innovation for health\",\"publisher\":{\"@id\":\"https:\/\/www.medteq.ca\/en\/#organization\"},\"alternateName\":\"MEDTEQ+\",\"potentialAction\":[{\"@type\":\"SearchAction\",\"target\":{\"@type\":\"EntryPoint\",\"urlTemplate\":\"https:\/\/www.medteq.ca\/en\/?s={search_term_string}\"},\"query-input\":{\"@type\":\"PropertyValueSpecification\",\"valueRequired\":true,\"valueName\":\"search_term_string\"}}],\"inLanguage\":\"en-US\"},{\"@type\":\"Organization\",\"@id\":\"https:\/\/www.medteq.ca\/en\/#organization\",\"name\":\"MEDTEQ+\",\"url\":\"https:\/\/www.medteq.ca\/en\/\",\"logo\":{\"@type\":\"ImageObject\",\"inLanguage\":\"en-US\",\"@id\":\"https:\/\/www.medteq.ca\/en\/#\/schema\/logo\/image\/\",\"url\":\"https:\/\/www.medteq.ca\/wp-content\/uploads\/2024\/11\/medteq-new-logo.png\",\"contentUrl\":\"https:\/\/www.medteq.ca\/wp-content\/uploads\/2024\/11\/medteq-new-logo.png\",\"width\":505,\"height\":70,\"caption\":\"MEDTEQ+\"},\"image\":{\"@id\":\"https:\/\/www.medteq.ca\/en\/#\/schema\/logo\/image\/\"},\"sameAs\":[\"https:\/\/x.com\/medteq_ca\",\"https:\/\/www.linkedin.com\/company\/medteq-plus\/\"]},{\"@type\":\"Person\",\"@id\":\"https:\/\/www.medteq.ca\/en\/#\/schema\/person\/deecfd9589f1fadb79527a1f888d8cc5\",\"name\":\"boreale_user\",\"url\":\"https:\/\/www.medteq.ca\/en\/author\/boreale\/\"}]}<\/script>\n<!-- \/ Yoast SEO plugin. -->","yoast_head_json":{"title":"L\u2019innovation de la sant\u00e9 | MEDTEQ+","description":"For over 10 years, MEDTEQ+ has been supporting entrepreneurs in healthcare technologies, from an idea to commercialization, to improve care and meet the needs of populations.","robots":{"index":"index","follow":"follow","max-snippet":"max-snippet:-1","max-image-preview":"max-image-preview:large","max-video-preview":"max-video-preview:-1"},"canonical":"https:\/\/www.medteq.ca\/en\/","og_locale":"en_US","og_type":"article","og_title":"MEDTEQ+ | Innovation for health | Home","og_description":"MEDTEQ+ soutient les innovateurs qu\u00e9b\u00e9cois et canadiens dans le d\u00e9veloppement et la commercialisation de technologies de la sant\u00e9, offrant des services de maillage, d'accompagnement strat\u00e9gique et de financement pour am\u00e9liorer les soins de sant\u00e9.","og_url":"https:\/\/www.medteq.ca\/en\/","og_site_name":"MEDTEQ+","article_modified_time":"2026-04-13T19:32:55+00:00","og_image":[{"width":880,"height":660,"url":"https:\/\/www.medteq.ca\/wp-content\/uploads\/2024\/12\/screenshot.jpg","type":"image\/jpeg"}],"twitter_card":"summary_large_image","twitter_title":"MEDTEQ+ | Innovation for health | Home","twitter_description":"MEDTEQ+ soutient les innovateurs qu\u00e9b\u00e9cois et canadiens dans le d\u00e9veloppement et la commercialisation de technologies de la sant\u00e9, offrant des services de maillage, d'accompagnement strat\u00e9gique et de financement pour am\u00e9liorer les soins de sant\u00e9.","twitter_image":"https:\/\/www.medteq.ca\/wp-content\/uploads\/2024\/12\/screenshot.jpg","twitter_site":"@medteq_ca","schema":{"@context":"https:\/\/schema.org","@graph":[{"@type":"Article","@id":"https:\/\/www.medteq.ca\/en\/#article","isPartOf":{"@id":"https:\/\/www.medteq.ca\/en\/"},"headline":"Home","datePublished":"2024-10-31T23:08:53+00:00","dateModified":"2026-04-13T19:32:55+00:00","mainEntityOfPage":{"@id":"https:\/\/www.medteq.ca\/en\/"},"wordCount":1,"publisher":{"@id":"https:\/\/www.medteq.ca\/en\/#organization"},"inLanguage":"en-US"},{"@type":"WebPage","@id":"https:\/\/www.medteq.ca\/en\/","url":"https:\/\/www.medteq.ca\/en\/","name":"L\u2019innovation de la sant\u00e9 | MEDTEQ+","isPartOf":{"@id":"https:\/\/www.medteq.ca\/en\/#website"},"datePublished":"2024-10-31T23:08:53+00:00","dateModified":"2026-04-13T19:32:55+00:00","description":"For over 10 years, MEDTEQ+ has been supporting entrepreneurs in healthcare technologies, from an idea to commercialization, to improve care and meet the needs of populations.","breadcrumb":{"@id":"https:\/\/www.medteq.ca\/en\/#breadcrumb"},"inLanguage":"en-US","potentialAction":[{"@type":"ReadAction","target":["https:\/\/www.medteq.ca\/en\/"]}]},{"@type":"BreadcrumbList","@id":"https:\/\/www.medteq.ca\/en\/#breadcrumb","itemListElement":[{"@type":"ListItem","position":1,"name":"Home","item":"https:\/\/www.medteq.ca\/en\/"},{"@type":"ListItem","position":2,"name":"Accueil"}]},{"@type":"WebSite","@id":"https:\/\/www.medteq.ca\/en\/#website","url":"https:\/\/www.medteq.ca\/en\/","name":"MEDTEQ+","description":"Innovation for health","publisher":{"@id":"https:\/\/www.medteq.ca\/en\/#organization"},"alternateName":"MEDTEQ+","potentialAction":[{"@type":"SearchAction","target":{"@type":"EntryPoint","urlTemplate":"https:\/\/www.medteq.ca\/en\/?s={search_term_string}"},"query-input":{"@type":"PropertyValueSpecification","valueRequired":true,"valueName":"search_term_string"}}],"inLanguage":"en-US"},{"@type":"Organization","@id":"https:\/\/www.medteq.ca\/en\/#organization","name":"MEDTEQ+","url":"https:\/\/www.medteq.ca\/en\/","logo":{"@type":"ImageObject","inLanguage":"en-US","@id":"https:\/\/www.medteq.ca\/en\/#\/schema\/logo\/image\/","url":"https:\/\/www.medteq.ca\/wp-content\/uploads\/2024\/11\/medteq-new-logo.png","contentUrl":"https:\/\/www.medteq.ca\/wp-content\/uploads\/2024\/11\/medteq-new-logo.png","width":505,"height":70,"caption":"MEDTEQ+"},"image":{"@id":"https:\/\/www.medteq.ca\/en\/#\/schema\/logo\/image\/"},"sameAs":["https:\/\/x.com\/medteq_ca","https:\/\/www.linkedin.com\/company\/medteq-plus\/"]},{"@type":"Person","@id":"https:\/\/www.medteq.ca\/en\/#\/schema\/person\/deecfd9589f1fadb79527a1f888d8cc5","name":"boreale_user","url":"https:\/\/www.medteq.ca\/en\/author\/boreale\/"}]}},"_links":{"self":[{"href":"https:\/\/www.medteq.ca\/en\/wp-json\/wp\/v2\/pages\/1594","targetHints":{"allow":["GET"]}}],"collection":[{"href":"https:\/\/www.medteq.ca\/en\/wp-json\/wp\/v2\/pages"}],"about":[{"href":"https:\/\/www.medteq.ca\/en\/wp-json\/wp\/v2\/types\/page"}],"author":[{"embeddable":true,"href":"https:\/\/www.medteq.ca\/en\/wp-json\/wp\/v2\/users\/1"}],"replies":[{"embeddable":true,"href":"https:\/\/www.medteq.ca\/en\/wp-json\/wp\/v2\/comments?post=1594"}],"version-history":[{"count":27,"href":"https:\/\/www.medteq.ca\/en\/wp-json\/wp\/v2\/pages\/1594\/revisions"}],"predecessor-version":[{"id":8364,"href":"https:\/\/www.medteq.ca\/en\/wp-json\/wp\/v2\/pages\/1594\/revisions\/8364"}],"wp:attachment":[{"href":"https:\/\/www.medteq.ca\/en\/wp-json\/wp\/v2\/media?parent=1594"}],"curies":[{"name":"wp","href":"https:\/\/api.w.org\/{rel}","templated":true}]}}